{"id":179,"date":"2019-06-12T15:57:51","date_gmt":"2019-06-12T15:57:51","guid":{"rendered":"https:\/\/kurhaus-baabe.padia.de\/?page_id=179"},"modified":"2021-06-25T06:38:28","modified_gmt":"2021-06-25T06:38:28","slug":"impressum","status":"publish","type":"page","link":"https:\/\/alteskurhausbaabe.de\/index.php\/impressum\/","title":{"rendered":"Impressum"},"content":{"rendered":"\t\t<div data-elementor-type=\"wp-post\" data-elementor-id=\"179\" class=\"elementor elementor-179\">\n\t\t\t\t\t\t<div class=\"elementor-inner\">\n\t\t\t\t<div class=\"elementor-section-wrap\">\n\t\t\t\t\t\t\t\t\t<section class=\"elementor-section elementor-top-section elementor-element elementor-element-0769888 elementor-section-stretched elementor-section-boxed elementor-section-height-default elementor-section-height-default\" data-id=\"0769888\" data-element_type=\"section\" data-settings=\"{&quot;background_background&quot;:&quot;classic&quot;,&quot;stretch_section&quot;:&quot;section-stretched&quot;}\">\n\t\t\t\t\t\t<div class=\"elementor-container elementor-column-gap-default\">\n\t\t\t\t\t\t\t<div class=\"elementor-row\">\n\t\t\t\t\t<div class=\"elementor-column elementor-col-100 elementor-top-column elementor-element elementor-element-eef03c9\" data-id=\"eef03c9\" data-element_type=\"column\" data-settings=\"{&quot;background_background&quot;:&quot;classic&quot;}\">\n\t\t\t<div class=\"elementor-column-wrap elementor-element-populated\">\n\t\t\t\t\t\t\t<div class=\"elementor-widget-wrap\">\n\t\t\t\t\t\t<section class=\"elementor-section elementor-inner-section elementor-element elementor-element-bb82f46 elementor-section-boxed elementor-section-height-default elementor-section-height-default\" data-id=\"bb82f46\" data-element_type=\"section\" data-settings=\"{&quot;background_background&quot;:&quot;classic&quot;}\">\n\t\t\t\t\t\t<div class=\"elementor-container elementor-column-gap-default\">\n\t\t\t\t\t\t\t<div class=\"elementor-row\">\n\t\t\t\t\t<div class=\"elementor-column elementor-col-100 elementor-inner-column elementor-element elementor-element-aab11b7\" data-id=\"aab11b7\" data-element_type=\"column\" data-settings=\"{&quot;background_background&quot;:&quot;classic&quot;}\">\n\t\t\t<div class=\"elementor-column-wrap elementor-element-populated\">\n\t\t\t\t\t\t\t<div class=\"elementor-widget-wrap\">\n\t\t\t\t\t\t<div class=\"elementor-element elementor-element-54bd2a5 elementor-widget elementor-widget-text-editor\" data-id=\"54bd2a5\" data-element_type=\"widget\" data-widget_type=\"text-editor.default\">\n\t\t\t\t<div class=\"elementor-widget-container\">\n\t\t\t\t\t\t\t\t<div class=\"elementor-text-editor elementor-clearfix\">\n\t\t\t\t<p><strong>Impressum<\/strong><\/p><p><strong>Angaben zum Anbieter (\u00a7 5 TMG):<\/strong><\/p><p><strong>Hotel R\u00fcgen GbR<br \/><\/strong>Inhaber: Britta &amp; Uwe Gerhardt<br \/>Altes Kurhaus Baabe &#8211; Ostseebad Baabe auf R\u00fcgen<br \/>Dorfstra\u00dfe 10<br \/>18586 Ostseebad Baabe<br \/>Deutschland<\/p><p><strong>Postanschrift:<\/strong><br \/>Hotel R\u00fcgen GbR<strong><br \/><\/strong>Altes Kurhaus Baabe &#8211; Ostseebad Baabe auf R\u00fcgen<br \/>Dorfstra\u00dfe 10<br \/>18586 Ostseebad Baabe<br \/>Deutschland<\/p><p><strong>Kommunikation:<\/strong><br \/>Telefon: +49 (0) 383 03 &#8211; 86 40 0<br \/>Telefax: +49 (0) 383 03 &#8211; 86 40 1<\/p><p>E-Mail: info@alteskurhausbaabe.de<br \/>Internet: www.alteskurhausbaabe.de<\/p><p><b>Telefonisch erreichbar von:<\/b><br \/>Do bis Di: 08:00 &#8211; 18:00 Uhr<br \/>Mi: 08:00 &#8211; 14:00 Uhr<\/p><p><strong>Steuernummer:<\/strong><br \/>082\/154\/03603<\/p><p><strong>Umsatzsteuer-Identifikationsnummer<\/strong><br \/>gem\u00e4\u00df \u00a7 27 a Umsatzsteuergesetz:<br \/>DE320262790<\/p><p><strong>Rechtlicher Hinweis \/ Haftungsausschluss:<\/strong><\/p><p><strong>1. Inhalt des Onlineangebotes<\/strong><br \/>Der Autor \u00fcbernimmt keinerlei Gew\u00e4hr f\u00fcr die Aktualit\u00e4t, Korrektheit,<br \/>Vollst\u00e4ndigkeit oder Qualit\u00e4t der bereitgestellten Informationen.<br \/>Haftungsanspr\u00fcche gegen den Autor, welche sich auf Sch\u00e4den materieller<br \/>oder ideeller Art beziehen, die durch die Nutzung oder Nichtnutzung der<br \/>dargebotenen Informationen bzw. durch die Nutzung fehlerhafter und<br \/>unvollst\u00e4ndiger Informationen verursacht wurden, sind grunds\u00e4tzlich<br \/>ausgeschlossen, sofern seitens des Autors kein nachweislich<br \/>vors\u00e4tzliches oder grob fahrl\u00e4ssiges Verschulden vorliegt. Alle Angebote<br \/>sind freibleibend und unverbindlich. Der Autor beh\u00e4lt es sich<br \/>ausdr\u00fccklich vor, Teile der Seiten oder das gesamte Angebot ohne<br \/>gesonderte Ank\u00fcndigung zu ver\u00e4ndern, zu erg\u00e4nzen, zu l\u00f6schen oder die<br \/>Ver\u00f6ffentlichung zeitweise oder endg\u00fcltig einzustellen.<\/p><p><strong>2. Verweise und Links<\/strong><br \/>Bei direkten oder indirekten Verweisen auf fremde Webseiten (\u201eHyperlinks\u201c),<br \/>die au\u00dferhalb des Verantwortungsbereiches des Autors liegen, w\u00fcrde eine<br \/>Haftungsverpflichtung ausschlie\u00dflich in dem Fall in Kraft treten, in<br \/>dem der Autor von den Inhalten Kenntnis hat und es ihm technisch m\u00f6glich<br \/>und zumutbar w\u00e4re, die Nutzung im Falle rechtswidriger Inhalte zu<br \/>verhindern. Der Autor erkl\u00e4rt hiermit ausdr\u00fccklich, dass zum Zeitpunkt<br \/>der Linksetzung keine illegalen Inhalte auf den zu verlinkenden Seiten<br \/>erkennbar waren. Auf die aktuelle und zuk\u00fcnftige Gestaltung, die Inhalte<br \/>oder die Urheberschaft der verlinkten\/verkn\u00fcpften Seiten hat der Autor<br \/>keinerlei Einfluss. Deshalb distanziert er sich hiermit ausdr\u00fccklich von<br \/>allen Inhalten aller verlinkten \/verkn\u00fcpften Seiten, die nach der<br \/>Linksetzung ver\u00e4ndert wurden. Diese Feststellung gilt f\u00fcr alle innerhalb<br \/>des eigenen Internetangebotes gesetzten Links und Verweise sowie f\u00fcr<br \/>Fremdeintr\u00e4ge in vom Autor eingerichteten G\u00e4steb\u00fcchern,<br \/>Diskussionsforen, Linkverzeichnissen, Mailinglisten und in allen anderen<br \/>Formen von Datenbanken, auf deren Inhalt externe Schreibzugriffe<br \/>m\u00f6glich sind. F\u00fcr illegale, fehlerhafte oder unvollst\u00e4ndige Inhalte und<br \/>insbesondere f\u00fcr Sch\u00e4den, die aus der Nutzung oder Nichtnutzung<br \/>solcherart dargebotener Informationen entstehen, haftet allein der<br \/>Anbieter der Seite, auf welche verwiesen wurde, nicht derjenige, der<br \/>\u00fcber Links auf die jeweilige Ver\u00f6ffentlichung lediglich verweist.<\/p><p><strong>3. Urheber- und Kennzeichenrecht<\/strong><br \/>Der Autor ist bestrebt, in allen Publikationen die Urheberrechte der<br \/>verwendeten Grafiken, Tondokumente, Videosequenzen und Texte zu<br \/>beachten, von ihm selbst erstellte Grafiken, Tondokumente,<br \/>Videosequenzen und Texte zu nutzen oder auf lizenzfreie Grafiken,<br \/>Tondokumente, Videosequenzen und Texte zur\u00fcckzugreifen. Alle innerhalb<br \/>des Internetangebotes genannten und ggf. durch Dritte gesch\u00fctzten<br \/>Marken- und Warenzeichen unterliegen uneingeschr\u00e4nkt den Bestimmungen<br \/>des jeweils g\u00fcltigen Kennzeichenrechts und den Besitzrechten der<br \/>jeweiligen eingetragenen Eigent\u00fcmer. Allein aufgrund der blo\u00dfen Nennung<br \/>ist nicht der Schluss zu ziehen, dass Markenzeichen nicht durch Rechte<br \/>Dritter gesch\u00fctzt sind! Das Copyright f\u00fcr ver\u00f6ffentlichte, vom Autor<br \/>selbst erstellte Objekte bleibt allein beim Autor der Seiten. Eine<br \/>Vervielf\u00e4ltigung oder Verwendung solcher Grafiken, Tondokumente,<br \/>Videosequenzen und Texte in anderen elektronischen oder gedruckten<br \/>Publikationen ist ohne ausdr\u00fcckliche Zustimmung des Autors nicht<br \/>gestattet.<\/p><p><strong>4. Datenschutz<\/strong><br \/>Die Nutzung unserer Webseite ist in der Regel ohne Angabe personenbezogener<br \/>Daten m\u00f6glich. Soweit auf unseren Seiten personenbezogene Daten<br \/>(beispielsweise Name, Anschrift oder eMail-Adressen) erhoben werden, erfolgt dies,<br \/>soweit m\u00f6glich, stets auf freiwilliger Basis. Diese Daten werden<br \/>ohne Ihre ausdr\u00fcckliche Zustimmung nicht an Dritte weitergegeben.<\/p><p>Wir weisen darauf hin, dass die Daten\u00fcbertragung im Internet<br \/>(z.B. bei der Kommunikation per E-Mail) Sicherheitsl\u00fccken aufweisen kann.<br \/>Ein l\u00fcckenloser Schutz der Daten vor dem Zugriff durch Dritte ist nicht m\u00f6glich.<\/p><p>Der Nutzung von im Rahmen der Impressumspflicht ver\u00f6ffentlichten<br \/>Kontaktdaten durch Dritte zur \u00dcbersendung von nicht ausdr\u00fccklich angeforderter<br \/>Werbung und Informationsmaterialien wird hiermit ausdr\u00fccklich widersprochen.<br \/>Die Betreiber der Seiten behalten sich ausdr\u00fccklich rechtliche Schritte im Falle<br \/>der unverlangten Zusendung von Werbeinformationen, etwa durch Spam-Mails, vor.<br \/>Quellverweis: Disclaimer von <a href=\"https:\/\/www.e-recht24.de\/muster-disclaimer.html\" target=\"_blank\" rel=\"noopener\">eRecht24<\/a><\/p><p><strong>5. Rechtswirksamkeit dieses Haftungsausschlusses<\/strong><br \/>Dieser Haftungsausschluss ist als Teil des Internetangebotes zu betrachten,<br \/>von dem aus auf diese Seite verwiesen wurde. Sofern Teile oder einzelne<br \/>Formulierungen dieses Textes der geltenden Rechtslage nicht, nicht mehr<br \/>oder nicht vollst\u00e4ndig entsprechen sollten, bleiben die \u00fcbrigen Teile<br \/>des Dokumentes in ihrem Inhalt und ihrer G\u00fcltigkeit davon unber\u00fchrt.<\/p><p><strong>6. Bildnachweis:<\/strong><br \/>Die f\u00fcr die Internetseite verwendeten Bilder entstammen gr\u00f6\u00dftenteils aus<br \/>dem Archiv von Sabine Engels. Die Nutzungsrechte f\u00fcr die Fotos<br \/>liegen bei Altes Kurhaus Baabe. Die Bildrechte liegen bei <a href=\"http:\/\/sabine-engels.de\/\" target=\"_blank\" rel=\"noopener\">Sabine Engels<\/a>.<br \/>Jegliches Kopieren des Bildmaterials zum privaten wie auch<br \/>zum kommerziellen Gebrauch, bedarf des Einverst\u00e4ndnisses der Urheber der<br \/>Bilder. Weiterhin nutzen wir mit freundlicher Genehmigung zur Verf\u00fcgung<br \/>gestelle Logos und Bildmaterial unserer Partner zu deren Pr\u00e4sentation<br \/>in der Altes Kurhaus Baabe Internetseite.<\/p><p>\u00a9 Fotos von <a href=\"http:\/\/sabine-engels.de\/\">Sabine Engels<\/a><\/p>\t\t\t\t\t<\/div>\n\t\t\t\t\t\t<\/div>\n\t\t\t\t<\/div>\n\t\t\t\t\t\t<\/div>\n\t\t\t\t\t<\/div>\n\t\t<\/div>\n\t\t\t\t\t\t\t\t<\/div>\n\t\t\t\t\t<\/div>\n\t\t<\/section>\n\t\t\t\t\t\t<\/div>\n\t\t\t\t\t<\/div>\n\t\t<\/div>\n\t\t\t\t\t\t\t\t<\/div>\n\t\t\t\t\t<\/div>\n\t\t<\/section>\n\t\t\t\t<section class=\"elementor-section elementor-top-section elementor-element elementor-element-330b8856 elementor-section-stretched elementor-section-boxed elementor-section-height-default elementor-section-height-default\" data-id=\"330b8856\" data-element_type=\"section\" data-settings=\"{&quot;stretch_section&quot;:&quot;section-stretched&quot;,&quot;background_background&quot;:&quot;classic&quot;}\">\n\t\t\t\t\t\t<div class=\"elementor-container elementor-column-gap-default\">\n\t\t\t\t\t\t\t<div class=\"elementor-row\">\n\t\t\t\t\t<div class=\"elementor-column elementor-col-100 elementor-top-column elementor-element elementor-element-752ed84a\" data-id=\"752ed84a\" data-element_type=\"column\">\n\t\t\t<div class=\"elementor-column-wrap elementor-element-populated\">\n\t\t\t\t\t\t\t<div class=\"elementor-widget-wrap\">\n\t\t\t\t\t\t<section class=\"elementor-section elementor-inner-section elementor-element elementor-element-7b3cc26f elementor-section-height-min-height elementor-section-boxed elementor-section-height-default\" data-id=\"7b3cc26f\" data-element_type=\"section\" data-settings=\"{&quot;background_background&quot;:&quot;classic&quot;}\">\n\t\t\t\t\t\t<div class=\"elementor-container elementor-column-gap-default\">\n\t\t\t\t\t\t\t<div class=\"elementor-row\">\n\t\t\t\t\t<div class=\"elementor-column elementor-col-100 elementor-inner-column elementor-element elementor-element-36d1bc3\" data-id=\"36d1bc3\" data-element_type=\"column\">\n\t\t\t<div class=\"elementor-column-wrap elementor-element-populated\">\n\t\t\t\t\t\t\t<div class=\"elementor-widget-wrap\">\n\t\t\t\t\t\t<div class=\"elementor-element elementor-element-4c254948 elementor-widget elementor-widget-image\" data-id=\"4c254948\" data-element_type=\"widget\" data-settings=\"{&quot;_animation&quot;:&quot;none&quot;}\" data-widget_type=\"image.default\">\n\t\t\t\t<div class=\"elementor-widget-container\">\n\t\t\t\t\t\t\t\t<div class=\"elementor-image\">\n\t\t\t\t\t\t\t\t\t\t\t\t<img decoding=\"async\" src=\"https:\/\/alteskurhausbaabe.de\/wp-content\/uploads\/elementor\/thumbs\/Logo-Altes_Kurhaus-Ostseebad_Baabe_auf_R\u00fcgen-final_gold_blau_big-2-odifxe3w6fln1mu2sekvd8srhwk6vsnunpyiiio854.png\" title=\"Logo-Altes_Kurhaus-Ostseebad_Baabe_auf_R\u00fcgen-final_gold_blau_big\" alt=\"Logo-Altes_Kurhaus-Ostseebad_Baabe_auf_R\u00fcgen-final_gold_blau_big\" loading=\"lazy\" \/>\t\t\t\t\t\t\t\t\t\t\t\t\t\t<\/div>\n\t\t\t\t\t\t<\/div>\n\t\t\t\t<\/div>\n\t\t\t\t<div class=\"elementor-element elementor-element-26c7aa42 elementor-widget elementor-widget-heading\" data-id=\"26c7aa42\" data-element_type=\"widget\" data-widget_type=\"heading.default\">\n\t\t\t\t<div class=\"elementor-widget-container\">\n\t\t\t<h1 class=\"elementor-heading-title elementor-size-large\">+49 (0) 383 03 - 86 40 0<\/h1>\t\t<\/div>\n\t\t\t\t<\/div>\n\t\t\t\t<div class=\"elementor-element elementor-element-2085c6db elementor-widget elementor-widget-text-editor\" data-id=\"2085c6db\" data-element_type=\"widget\" data-widget_type=\"text-editor.default\">\n\t\t\t\t<div class=\"elementor-widget-container\">\n\t\t\t\t\t\t\t\t<div class=\"elementor-text-editor elementor-clearfix\">\n\t\t\t\t<div>Rezeptionszeiten:<\/div>\t\t\t\t\t<\/div>\n\t\t\t\t\t\t<\/div>\n\t\t\t\t<\/div>\n\t\t\t\t<div class=\"elementor-element elementor-element-1eff483 elementor-widget elementor-widget-text-editor\" data-id=\"1eff483\" data-element_type=\"widget\" data-widget_type=\"text-editor.default\">\n\t\t\t\t<div class=\"elementor-widget-container\">\n\t\t\t\t\t\t\t\t<div class=\"elementor-text-editor elementor-clearfix\">\n\t\t\t\t<p>Donnerstag bis Dienstag <br \/>08:00 &#8211; 18:00 Uhr<\/p><p>Mittwoch <br \/>08:00 &#8211; 14:00 Uhr<\/p>\t\t\t\t\t<\/div>\n\t\t\t\t\t\t<\/div>\n\t\t\t\t<\/div>\n\t\t\t\t\t\t<\/div>\n\t\t\t\t\t<\/div>\n\t\t<\/div>\n\t\t\t\t\t\t\t\t<\/div>\n\t\t\t\t\t<\/div>\n\t\t<\/section>\n\t\t\t\t\t\t<\/div>\n\t\t\t\t\t<\/div>\n\t\t<\/div>\n\t\t\t\t\t\t\t\t<\/div>\n\t\t\t\t\t<\/div>\n\t\t<\/section>\n\t\t\t\t<section class=\"elementor-section elementor-top-section elementor-element elementor-element-6397342d elementor-section-stretched elementor-section-boxed elementor-section-height-default elementor-section-height-default\" data-id=\"6397342d\" data-element_type=\"section\" data-settings=\"{&quot;stretch_section&quot;:&quot;section-stretched&quot;,&quot;background_background&quot;:&quot;classic&quot;}\">\n\t\t\t\t\t\t<div class=\"elementor-container elementor-column-gap-default\">\n\t\t\t\t\t\t\t<div class=\"elementor-row\">\n\t\t\t\t\t<div class=\"elementor-column elementor-col-100 elementor-top-column elementor-element elementor-element-1115eeac\" data-id=\"1115eeac\" data-element_type=\"column\">\n\t\t\t<div class=\"elementor-column-wrap elementor-element-populated\">\n\t\t\t\t\t\t\t<div class=\"elementor-widget-wrap\">\n\t\t\t\t\t\t<div class=\"elementor-element elementor-element-355263cc elementor-widget elementor-widget-spacer\" data-id=\"355263cc\" data-element_type=\"widget\" data-widget_type=\"spacer.default\">\n\t\t\t\t<div class=\"elementor-widget-container\">\n\t\t\t\t\t<div class=\"elementor-spacer\">\n\t\t\t<div class=\"elementor-spacer-inner\"><\/div>\n\t\t<\/div>\n\t\t\t\t<\/div>\n\t\t\t\t<\/div>\n\t\t\t\t\t\t<\/div>\n\t\t\t\t\t<\/div>\n\t\t<\/div>\n\t\t\t\t\t\t\t\t<\/div>\n\t\t\t\t\t<\/div>\n\t\t<\/section>\n\t\t\t\t\t\t\t\t\t<\/div>\n\t\t\t<\/div>\n\t\t\t\t\t<\/div>\n\t\t","protected":false},"excerpt":{"rendered":"<p>Impressum Angaben zum Anbieter (\u00a7 5 TMG): Hotel R\u00fcgen GbRInhaber: Britta &amp; Uwe GerhardtAltes Kurhaus Baabe &#8211; Ostseebad Baabe auf R\u00fcgenDorfstra\u00dfe 1018586 Ostseebad BaabeDeutschland Postanschrift:Hotel R\u00fcgen GbRAltes Kurhaus Baabe &#8211; Ostseebad Baabe auf R\u00fcgenDorfstra\u00dfe 1018586 Ostseebad BaabeDeutschland Kommunikation:Telefon: +49 (0) 383 03 &#8211; 86 40 0Telefax: +49 (0) 383 03 &#8211; 86 40 1 E-Mail: [&hellip;]<\/p>\n","protected":false},"author":2,"featured_media":0,"parent":0,"menu_order":0,"comment_status":"closed","ping_status":"closed","template":"","meta":[],"_links":{"self":[{"href":"https:\/\/alteskurhausbaabe.de\/index.php\/wp-json\/wp\/v2\/pages\/179"}],"collection":[{"href":"https:\/\/alteskurhausbaabe.de\/index.php\/wp-json\/wp\/v2\/pages"}],"about":[{"href":"https:\/\/alteskurhausbaabe.de\/index.php\/wp-json\/wp\/v2\/types\/page"}],"author":[{"embeddable":true,"href":"https:\/\/alteskurhausbaabe.de\/index.php\/wp-json\/wp\/v2\/users\/2"}],"replies":[{"embeddable":true,"href":"https:\/\/alteskurhausbaabe.de\/index.php\/wp-json\/wp\/v2\/comments?post=179"}],"version-history":[{"count":25,"href":"https:\/\/alteskurhausbaabe.de\/index.php\/wp-json\/wp\/v2\/pages\/179\/revisions"}],"predecessor-version":[{"id":1146,"href":"https:\/\/alteskurhausbaabe.de\/index.php\/wp-json\/wp\/v2\/pages\/179\/revisions\/1146"}],"wp:attachment":[{"href":"https:\/\/alteskurhausbaabe.de\/index.php\/wp-json\/wp\/v2\/media?parent=179"}],"curies":[{"name":"wp","href":"https:\/\/api.w.org\/{rel}","templated":true}]}}